{"id":384,"date":"2024-09-20T01:45:39","date_gmt":"2024-09-20T01:45:39","guid":{"rendered":"https:\/\/nevena.org\/?post_type=product&#038;p=384"},"modified":"2025-08-03T19:30:21","modified_gmt":"2025-08-03T19:30:21","slug":"multi-stage-lithospheric-dripping-process","status":"publish","type":"product","link":"https:\/\/nevena.org\/bg\/portfolio\/multi-stage-lithospheric-dripping-process\/","title":{"rendered":"Multi-stage lithospheric dripping process in Central Anatolia"},"content":{"rendered":"<p><em>My artist\u2019s impression of the multi-stage lithospheric dripping process in Central Anatolia, illustration by Nevena Niagolova<\/em><\/p>\n<p>Working with the amazing scientists <a href=\"https:\/\/orcid.org\/0000-0002-9937-1738\" target=\"_blank\" rel=\"noopener\">Julia Andersen<\/a>, <a href=\"https:\/\/orcid.org\/0000-0002-6199-303X\" target=\"_blank\" rel=\"noopener\">Oguz Hakan G\u00f6\u011f\u00fc\u015f<\/a>, <a href=\"https:\/\/scholar.google.co.uk\/scholar?start=0&amp;q=author:%22Russell+N.+Pysklywec%22&amp;hl=en&amp;as_sdt=0,5\" target=\"_blank\" rel=\"noopener\">Russell N. Pysklywec<\/a>, <a href=\"https:\/\/orcid.org\/0000-0002-6701-463X\" target=\"_blank\" rel=\"noopener\">Ebru \u015eeng\u00fcl Uluocak<\/a> &amp; <a href=\"https:\/\/scholar.google.co.uk\/scholar?as_q=&amp;num=10&amp;btnG=Search+Scholar&amp;as_epq=&amp;as_oq=&amp;as_eq=&amp;as_occt=any&amp;as_sauthors=%22Tasca%20Santimano%22&amp;as_publication=&amp;as_ylo=&amp;as_yhi=&amp;as_allsubj=all&amp;hl=en\" target=\"_blank\" rel=\"noopener\">Tasca Santimano<\/a><\/p>\n<p>The paper was published in <a href=\"https:\/\/www.nature.com\/articles\/s41467-024-52126-7\" target=\"_blank\" rel=\"noopener\">Nature Communications.<\/a><\/p>\n<p>And written about on the font page of the UofT website site: <a href=\"https:\/\/www.utoronto.ca\/news\/geoscientists-confirm-dripping-earth-s-crust-beneath-turkiye-s-central-anatolian-plateau\" target=\"_blank\" rel=\"noopener\"><span class=\"field field--name-title field--type-string field--label-hidden\">Geoscientists confirm &#8216;dripping&#8217; of Earth\u2019s crust beneath T\u00fcrkiye&#8217;s Central Anatolian Plateau<\/span><\/a><\/p>\n<p>And also check out this <a href=\"https:\/\/www.youtube.com\/watch?v=JPMvM03TEYM\" target=\"_blank\" rel=\"noopener\"> really cool video <\/a> talking about the paper as well \ud83d\ude42 <\/p>\n<p>&nbsp;<\/p>","protected":false},"excerpt":{"rendered":"<p>My artist\u2019s impression of the multi-stage lithospheric dripping process in Central Anatolia, illustration by Nevena Niagolova Working with the amazing scientists Julia Andersen, Oguz Hakan G\u00f6\u011f\u00fc\u015f, Russell N. Pysklywec, Ebru \u015eeng\u00fcl Uluocak &amp; Tasca Santimano The paper was published in Nature Communications. And written about on the font page of the UofT website site: Geoscientists [&hellip;]<\/p>","protected":false},"featured_media":387,"comment_status":"closed","ping_status":"closed","template":"","meta":[],"product_brand":[],"product_cat":[34,93,94],"product_tag":[97,100,66,67,85,68,98,96,95,99],"class_list":{"0":"post-384","1":"product","2":"type-product","3":"status-publish","4":"has-post-thumbnail","6":"product_cat-design","7":"product_cat-illustration","8":"product_cat-science-illustration","9":"product_tag-illustration","10":"product_tag-lithospheric","11":"product_tag-nevcheart","12":"product_tag-nevena","13":"product_tag-nevena-niagolova","14":"product_tag-niagolova","15":"product_tag-science","16":"product_tag-scientific","17":"product_tag-scientific-illustration","18":"product_tag-uoft","20":"first","21":"instock","22":"taxable","23":"shipping-taxable","24":"product-type-simple"},"_links":{"self":[{"href":"https:\/\/nevena.org\/bg\/wp-json\/wp\/v2\/product\/384","targetHints":{"allow":["GET"]}}],"collection":[{"href":"https:\/\/nevena.org\/bg\/wp-json\/wp\/v2\/product"}],"about":[{"href":"https:\/\/nevena.org\/bg\/wp-json\/wp\/v2\/types\/product"}],"replies":[{"embeddable":true,"href":"https:\/\/nevena.org\/bg\/wp-json\/wp\/v2\/comments?post=384"}],"wp:featuredmedia":[{"embeddable":true,"href":"https:\/\/nevena.org\/bg\/wp-json\/wp\/v2\/media\/387"}],"wp:attachment":[{"href":"https:\/\/nevena.org\/bg\/wp-json\/wp\/v2\/media?parent=384"}],"wp:term":[{"taxonomy":"product_brand","embeddable":true,"href":"https:\/\/nevena.org\/bg\/wp-json\/wp\/v2\/product_brand?post=384"},{"taxonomy":"product_cat","embeddable":true,"href":"https:\/\/nevena.org\/bg\/wp-json\/wp\/v2\/product_cat?post=384"},{"taxonomy":"product_tag","embeddable":true,"href":"https:\/\/nevena.org\/bg\/wp-json\/wp\/v2\/product_tag?post=384"}],"curies":[{"name":"wp","href":"https:\/\/api.w.org\/{rel}","templated":true}]}}